{"id":11,"date":"2012-03-18T13:55:20","date_gmt":"2012-03-18T12:55:20","guid":{"rendered":"http:\/\/booking.vardefotoklub.dk\/?page_id=11"},"modified":"2024-10-24T19:25:51","modified_gmt":"2024-10-24T17:25:51","slug":"om-klubben","status":"publish","type":"page","link":"http:\/\/vardefotoklub.dk\/?page_id=11","title":{"rendered":"Om Varde fotoklub"},"content":{"rendered":"<p>Varde Fotoklub er startet i oktober 2009, stiftet i april 2010 og har klublokale p\u00e5 dem gamle sygehus i Varde.<\/p>\n<p>Klubben henvender sig prim\u00e6rt til medlemmer med digitale spejlreflekskameraer.<\/p>\n<p>Er du interesseret at blive medlem, skal du v\u00e6re velkommen til at henvende dig. Du kan skrive til os p\u00e5 mbvardefotoklub@gmail.com<\/p>\n<p><a href=\"http:\/\/vardefotoklub.dk\/?page_id=253\">Vedt\u00e6gter<\/a><\/p>\n<p><a href=\"http:\/\/vardefotoklub.dk\/?page_id=1507\">Medie omtale<\/a><\/p>\n<h3><strong>BESTYRELSEN<\/strong><\/h3>\n<p>Vicki Schultz-Lorentzen J\u00f8rgensen &#8211; Formand<\/p>\n<p>Knud L\u00f8jborg &#8211; N\u00e6stformand<\/p>\n<p>Birgit Bolvig &#8211; Sekret\u00e6r\/kasserer<\/p>\n<p>Sammy Busch &#8211; Medlem\u00a0<\/p>\n<p>Flemming Poulsen &#8211; Medlem<\/p>\n<div class=\"mceTemp\">\u00a0<\/div>\n<div class=\"mceTemp\">\n<h3>\u00a0<\/h3>\n<h3><strong>WEBMASTERS<\/strong><\/h3>\n\nVicki Schultz-Lorentzen J\u00f8rgensen\n\n<p>\u00a0<\/p>\n<div class=\"mceTemp\">\u00a0<\/div>\n<\/div>\n\n\n<p><\/p>\n","protected":false},"excerpt":{"rendered":"<p>Varde Fotoklub er startet i oktober 2009, stiftet i april 2010 og har klublokale p\u00e5 dem gamle sygehus i Varde. Klubben henvender sig prim\u00e6rt til medlemmer med digitale spejlreflekskameraer. Er du interesseret at blive medlem, skal du v\u00e6re velkommen til at henvende dig. Du kan skrive til os p\u00e5 mbvardefotoklub@gmail.com Vedt\u00e6gter Medie omtale BESTYRELSEN Vicki [&hellip;]<\/p>\n","protected":false},"author":1,"featured_media":0,"parent":0,"menu_order":1,"comment_status":"closed","ping_status":"open","template":"","meta":[],"_links":{"self":[{"href":"http:\/\/vardefotoklub.dk\/index.php?rest_route=\/wp\/v2\/pages\/11"}],"collection":[{"href":"http:\/\/vardefotoklub.dk\/index.php?rest_route=\/wp\/v2\/pages"}],"about":[{"href":"http:\/\/vardefotoklub.dk\/index.php?rest_route=\/wp\/v2\/types\/page"}],"author":[{"embeddable":true,"href":"http:\/\/vardefotoklub.dk\/index.php?rest_route=\/wp\/v2\/users\/1"}],"replies":[{"embeddable":true,"href":"http:\/\/vardefotoklub.dk\/index.php?rest_route=%2Fwp%2Fv2%2Fcomments&post=11"}],"version-history":[{"count":81,"href":"http:\/\/vardefotoklub.dk\/index.php?rest_route=\/wp\/v2\/pages\/11\/revisions"}],"predecessor-version":[{"id":2136,"href":"http:\/\/vardefotoklub.dk\/index.php?rest_route=\/wp\/v2\/pages\/11\/revisions\/2136"}],"wp:attachment":[{"href":"http:\/\/vardefotoklub.dk\/index.php?rest_route=%2Fwp%2Fv2%2Fmedia&parent=11"}],"curies":[{"name":"wp","href":"https:\/\/api.w.org\/{rel}","templated":true}]}}