{"id":1401,"date":"2017-08-02T14:05:41","date_gmt":"2017-08-02T12:05:41","guid":{"rendered":"http:\/\/vardefotoklub.dk\/?page_id=1401"},"modified":"2024-10-24T19:40:49","modified_gmt":"2024-10-24T17:40:49","slug":"emner-for-maanedens-billede","status":"publish","type":"page","link":"http:\/\/vardefotoklub.dk\/?page_id=1401","title":{"rendered":"Emner for m\u00e5nedens billede"},"content":{"rendered":"<p>M\u00e5nedens\/Kvartalets billede er pt. p\u00e5 standby.<\/p>\n<p>M\u00e5nedens billede \u00e6ndres i 2021 til at v\u00e6re hvert kvartal.<\/p>\n<p><strong>Frist for indsendelse er den 25. marts, juni, september og oktober.<br \/>\nSendes p\u00e5 mail til \u201cmbvardefotoklub@gmail.com \u201d<br \/>\n<\/strong><\/p>\n<p><strong>Emner:<\/strong><\/p>\n<p><strong>2021<\/strong><\/p>\n<ol class=\"bi6gxh9e aov4n071 fjf4s8hc gg216y78\">\n<li>\n<div class=\"bi6gxh9e\"><span class=\"d2edcug0 hpfvmrgz qv66sw1b c1et5uql rrkovp55 jq4qci2q a3bd9o3v knj5qynh oo9gr5id\">kvartal: Dansk<\/span><\/div>\n<\/li>\n<li>\n<div class=\"bi6gxh9e\"><span class=\"d2edcug0 hpfvmrgz qv66sw1b c1et5uql rrkovp55 jq4qci2q a3bd9o3v knj5qynh oo9gr5id\">kvartal: M\u00f8nster<\/span><\/div>\n<\/li>\n<li>\n<div class=\"bi6gxh9e\"><span class=\"d2edcug0 hpfvmrgz qv66sw1b c1et5uql rrkovp55 jq4qci2q a3bd9o3v knj5qynh oo9gr5id\">kvartal: P\u00e5 rad og r\u00e6kke<\/span><\/div>\n<\/li>\n<li>\n<div class=\"bi6gxh9e\"><span class=\"d2edcug0 hpfvmrgz qv66sw1b c1et5uql rrkovp55 jq4qci2q a3bd9o3v knj5qynh oo9gr5id\">kvartal: Lyd<\/span><\/div>\n<\/li>\n<\/ol>\n<p><strong>2020<\/strong><\/p>\n<div>Januar: <strong>Hjul<\/strong><\/div>\n<div>Februar: <strong>Panorama<\/strong><\/div>\n<div>Marts: <strong>Vinter<\/strong><\/div>\n<div>April: <strong>Humor<\/strong><\/div>\n<div>Maj: <strong>P\u00e5 havnen<\/strong><\/div>\n<div>Juni:\u00a0<strong>For\u00e5ret<\/strong><\/div>\n<div>Juli:<i>\u00a0<\/i><strong>Arkitektur<\/strong><\/div>\n<div>August:\u00a0<strong>Giraffoto<\/strong><\/div>\n<div>September: <strong>Sommer<\/strong><\/div>\n<div>Oktober: <strong>Udend\u00f8rs portr\u00e6t<\/strong><\/div>\n<div>November: <strong>Frit emne<\/strong><\/div>\n<div>December<i>: <\/i><strong>Efter\u00e5r<\/strong><\/div>\n<p><strong>2019<\/strong><\/p>\n<div>Januar:\u00a0<strong><i>Vand<\/i><\/strong><\/div>\n<div>Februar:\u00a0<strong><i>Silhouet<\/i><\/strong><\/div>\n<div>Marts:\u00a0<strong><i>Ovenfra<\/i><\/strong><\/div>\n<div>April:\u00a0<strong><i>Landskab\/Vandskab<\/i><\/strong><\/div>\n<div>Maj:\u00a0<strong><i>Low Light<\/i><\/strong><\/div>\n<div>Juni:\u00a0<strong><i>Varde<\/i><\/strong><\/div>\n<div>Juli:<i>\u00a0<strong>Mennesker i aktivitet<\/strong><\/i><\/div>\n<div>August:\u00a0<strong><i>Transportmidler<\/i><i>\u00a0<\/i><i>til lands-, vands- og i luften<\/i><\/strong><\/div>\n<div>September:\u00a0<strong><i>Macro\/<\/i><i>H<\/i><i>elt t\u00e6t p\u00e5<\/i><\/strong><\/div>\n<div>Oktober:\u00a0<strong><i>Natur\/Dyrelivet<\/i><\/strong><\/div>\n<div>November:\u00a0<strong><i>Sort-Hvidt<\/i><\/strong><\/div>\n<div>December<i>: <strong>Sport\/Action<\/strong><\/i><\/div>\n<p><strong>2018<\/strong><br \/>\nJanuar: <em><strong>Kom gerne med forslag.<\/strong><\/em><br \/>\nFebruar: <strong><em>Bev\u00e6gelse<\/em><\/strong><br \/>\nMarts: <strong><em>Dyr<\/em><\/strong><br \/>\nApril:\u00a0<strong><em>T\u00e6t p\u00e5<\/em><\/strong><br \/>\nMaj:\u00a0 <em><strong>For\u00e5r<\/strong><\/em><br \/>\nJuni: <em><strong>Hvad er det?<\/strong><\/em><br \/>\nJuli: <em><strong>Hurtig<\/strong><\/em><br \/>\nAugust: <em><strong>Portr\u00e6t uden ansigt<\/strong><\/em><br \/>\nSeptember: <em><strong>P\u00e5 gaden<\/strong><\/em><br \/>\nOktober: <em><strong>Hjulet drejer rundt<\/strong><\/em><br \/>\nNovember: <em><strong>Sort\/hvid<\/strong><\/em><br \/>\nDecember: <em><strong>Langsom<\/strong><\/em><\/p>\n<p><strong>2017<\/strong><\/p>\n<p>Juni: <em><strong>Hurtig\/Langsom<\/strong><\/em><br \/>\nJuli: <em><strong>Folk i arbejde<\/strong><\/em><br \/>\nAugust: <em><strong>Sensommer<\/strong><\/em><br \/>\nSeptember: <em><strong>Mit st\u00f8rste \u00f8nske<\/strong><\/em><br \/>\nOktober: <em><strong>Sol<\/strong><\/em><br \/>\nNovember: <em><strong>Gennemsigtig<\/strong><\/em><br \/>\nDecember: <em><strong>Kom gerne med forslag.<\/strong><\/em><\/p>\n","protected":false},"excerpt":{"rendered":"<p>M\u00e5nedens\/Kvartalets billede er pt. p\u00e5 standby. M\u00e5nedens billede \u00e6ndres i 2021 til at v\u00e6re hvert kvartal. Frist for indsendelse er den 25. marts, juni, september og oktober. Sendes p\u00e5 mail til \u201cmbvardefotoklub@gmail.com \u201d Emner: 2021 kvartal: Dansk kvartal: M\u00f8nster kvartal: P\u00e5 rad og r\u00e6kke kvartal: Lyd 2020 Januar: Hjul Februar: Panorama Marts: Vinter April: Humor [&hellip;]<\/p>\n","protected":false},"author":13,"featured_media":0,"parent":0,"menu_order":0,"comment_status":"closed","ping_status":"closed","template":"","meta":[],"_links":{"self":[{"href":"http:\/\/vardefotoklub.dk\/index.php?rest_route=\/wp\/v2\/pages\/1401"}],"collection":[{"href":"http:\/\/vardefotoklub.dk\/index.php?rest_route=\/wp\/v2\/pages"}],"about":[{"href":"http:\/\/vardefotoklub.dk\/index.php?rest_route=\/wp\/v2\/types\/page"}],"author":[{"embeddable":true,"href":"http:\/\/vardefotoklub.dk\/index.php?rest_route=\/wp\/v2\/users\/13"}],"replies":[{"embeddable":true,"href":"http:\/\/vardefotoklub.dk\/index.php?rest_route=%2Fwp%2Fv2%2Fcomments&post=1401"}],"version-history":[{"count":13,"href":"http:\/\/vardefotoklub.dk\/index.php?rest_route=\/wp\/v2\/pages\/1401\/revisions"}],"predecessor-version":[{"id":2137,"href":"http:\/\/vardefotoklub.dk\/index.php?rest_route=\/wp\/v2\/pages\/1401\/revisions\/2137"}],"wp:attachment":[{"href":"http:\/\/vardefotoklub.dk\/index.php?rest_route=%2Fwp%2Fv2%2Fmedia&parent=1401"}],"curies":[{"name":"wp","href":"https:\/\/api.w.org\/{rel}","templated":true}]}}