{"id":1724,"date":"2019-05-31T15:17:37","date_gmt":"2019-05-31T13:17:37","guid":{"rendered":"http:\/\/vardefotoklub.dk\/?page_id=1724"},"modified":"2024-10-24T19:41:51","modified_gmt":"2024-10-24T17:41:51","slug":"brugervejledninger","status":"publish","type":"page","link":"http:\/\/vardefotoklub.dk\/?page_id=1724","title":{"rendered":"Brugervejledninger"},"content":{"rendered":"<p><strong>Lightroom vejledninger:<\/strong><\/p>\n<p>Nedenfor kan du finde et par vejledninger i at oprette Export presets i Lightroom. Ved hj\u00e6lp af Export presets kan du eksportere filer fra Lightroom, s\u00e5 blandt andet din billede- og fil-st\u00f8rrelse bliver som du \u00f8nsker:<\/p>\n<ul>\n<li>Galleri st\u00f8rrelse (JPEG, farverum sRGB, 1024 x 1024 px &amp; max 400kB): <a href=\"http:\/\/vardefotoklub.dk\/wp-content\/uploads\/2019\/05\/User-preset-for-export-1024x1024.pdf\">Link<\/a><\/li>\n<li>UHD (3840 x 2160 px, max 2,1 MB): <a href=\"http:\/\/vardefotoklub.dk\/wp-content\/uploads\/2019\/05\/User-preset-for-export-3840x2160.pdf\">Link<\/a><\/li>\n<\/ul>\n","protected":false},"excerpt":{"rendered":"<p>Lightroom vejledninger: Nedenfor kan du finde et par vejledninger i at oprette Export presets i Lightroom. Ved hj\u00e6lp af Export presets kan du eksportere filer fra Lightroom, s\u00e5 blandt andet din billede- og fil-st\u00f8rrelse bliver som du \u00f8nsker: Galleri st\u00f8rrelse (JPEG, farverum sRGB, 1024 x 1024 px &amp; max 400kB): Link UHD (3840 x 2160 [&hellip;]<\/p>\n","protected":false},"author":15,"featured_media":0,"parent":0,"menu_order":0,"comment_status":"closed","ping_status":"closed","template":"","meta":[],"_links":{"self":[{"href":"http:\/\/vardefotoklub.dk\/index.php?rest_route=\/wp\/v2\/pages\/1724"}],"collection":[{"href":"http:\/\/vardefotoklub.dk\/index.php?rest_route=\/wp\/v2\/pages"}],"about":[{"href":"http:\/\/vardefotoklub.dk\/index.php?rest_route=\/wp\/v2\/types\/page"}],"author":[{"embeddable":true,"href":"http:\/\/vardefotoklub.dk\/index.php?rest_route=\/wp\/v2\/users\/15"}],"replies":[{"embeddable":true,"href":"http:\/\/vardefotoklub.dk\/index.php?rest_route=%2Fwp%2Fv2%2Fcomments&post=1724"}],"version-history":[{"count":11,"href":"http:\/\/vardefotoklub.dk\/index.php?rest_route=\/wp\/v2\/pages\/1724\/revisions"}],"predecessor-version":[{"id":2138,"href":"http:\/\/vardefotoklub.dk\/index.php?rest_route=\/wp\/v2\/pages\/1724\/revisions\/2138"}],"wp:attachment":[{"href":"http:\/\/vardefotoklub.dk\/index.php?rest_route=%2Fwp%2Fv2%2Fmedia&parent=1724"}],"curies":[{"name":"wp","href":"https:\/\/api.w.org\/{rel}","templated":true}]}}