{"id":1824,"date":"2019-10-03T21:02:20","date_gmt":"2019-10-03T19:02:20","guid":{"rendered":"http:\/\/vardefotoklub.dk\/?page_id=1824"},"modified":"2022-02-03T10:53:48","modified_gmt":"2022-02-03T09:53:48","slug":"nyt-medlem","status":"publish","type":"page","link":"http:\/\/vardefotoklub.dk\/?page_id=1824","title":{"rendered":"Nyt medlem"},"content":{"rendered":"<p>Hvis du \u00f8nsker at blive medlem i Varde Fotoklub bedes du printe nedenst\u00e5ende dokument ud og aflevere det til klubbens kasserer.<\/p>\n<p>Vi gl\u00e6der os til at udvikle vores fotografiske evner sammen med dig.<\/p>\n<p><a href=\"http:\/\/vardefotoklub.dk\/wp-content\/uploads\/2019\/10\/Tilmeldingsblanket.docx\">Tilmeldingsblanket Word version<\/a><\/p>\n<p><a href=\"http:\/\/vardefotoklub.dk\/wp-content\/uploads\/2019\/10\/Tilmeldingsblanket.pdf\">Tilmeldingsblanket PDF version<\/a><\/p>\n<p><a href=\"http:\/\/vardefotoklub.dk\/wp-content\/uploads\/2019\/10\/Velkommen-til-Varde-Fotoklub.pdf\">Velkommen til Varde Fotoklub brochure<\/a><\/p>\n<p><a href=\"http:\/\/vardefotoklub.dk\/wp-content\/uploads\/2019\/10\/Brochure-Varde-Fotoklub3.0.pdf\">Generel Brochure Varde Fotoklub<\/a><\/p>\n","protected":false},"excerpt":{"rendered":"<p>Hvis du \u00f8nsker at blive medlem i Varde Fotoklub bedes du printe nedenst\u00e5ende dokument ud og aflevere det til klubbens kasserer. Vi gl\u00e6der os til at udvikle vores fotografiske evner sammen med dig. Tilmeldingsblanket Word version Tilmeldingsblanket PDF version Velkommen til Varde Fotoklub brochure Generel Brochure Varde Fotoklub<\/p>\n","protected":false},"author":13,"featured_media":0,"parent":2015,"menu_order":0,"comment_status":"closed","ping_status":"closed","template":"","meta":[],"_links":{"self":[{"href":"http:\/\/vardefotoklub.dk\/index.php?rest_route=\/wp\/v2\/pages\/1824"}],"collection":[{"href":"http:\/\/vardefotoklub.dk\/index.php?rest_route=\/wp\/v2\/pages"}],"about":[{"href":"http:\/\/vardefotoklub.dk\/index.php?rest_route=\/wp\/v2\/types\/page"}],"author":[{"embeddable":true,"href":"http:\/\/vardefotoklub.dk\/index.php?rest_route=\/wp\/v2\/users\/13"}],"replies":[{"embeddable":true,"href":"http:\/\/vardefotoklub.dk\/index.php?rest_route=%2Fwp%2Fv2%2Fcomments&post=1824"}],"version-history":[{"count":2,"href":"http:\/\/vardefotoklub.dk\/index.php?rest_route=\/wp\/v2\/pages\/1824\/revisions"}],"predecessor-version":[{"id":1832,"href":"http:\/\/vardefotoklub.dk\/index.php?rest_route=\/wp\/v2\/pages\/1824\/revisions\/1832"}],"up":[{"embeddable":true,"href":"http:\/\/vardefotoklub.dk\/index.php?rest_route=\/wp\/v2\/pages\/2015"}],"wp:attachment":[{"href":"http:\/\/vardefotoklub.dk\/index.php?rest_route=%2Fwp%2Fv2%2Fmedia&parent=1824"}],"curies":[{"name":"wp","href":"https:\/\/api.w.org\/{rel}","templated":true}]}}