{"id":253,"date":"2012-05-19T09:27:53","date_gmt":"2012-05-19T07:27:53","guid":{"rendered":"http:\/\/booking.vardefotoklub.dk\/?page_id=253"},"modified":"2023-02-06T17:22:33","modified_gmt":"2023-02-06T16:22:33","slug":"vedtaegter","status":"publish","type":"page","link":"http:\/\/vardefotoklub.dk\/?page_id=253","title":{"rendered":"Vedt\u00e6gter"},"content":{"rendered":"<p>Klubben er stiftet p\u00e5 en generalforsamling den 20\/4 2010.<\/p>\n<p>Vedt\u00e6gter<\/p>\n<p>Generelt:<br \/>\n1. Klubbens navn er Varde Fotoklub<\/p>\n<p>2. Klubbens form\u00e5l er at udvikle medlemmernes evner og interesse for fotografi.<br \/>\nKlubben s\u00f8ger ved afholdelse af m\u00f8der, foredrag, konkurrencer og lign. samt&nbsp;ved deltagelse i nationale og internationale konkurrence- og&nbsp; udstillingsarrangementer at udvikle medlemmernes fotografiske f\u00e6rdigheder.<br \/>\nS\u00e5vel teknisk som kunstnerisk.<\/p>\n<p>3. Klubben har hjemsted i Varde kommune. Klubben har adresse hos den til enhver tid&nbsp;v\u00e6rende formand.<\/p>\n<p>4. Indmeldelse sker ved henvendelse til bestyrelsen. Bestyrelsen fasts\u00e6tter antallet af medlemmer i klubben. Der kan forekomme periodisk venteliste.<\/p>\n<p>Klubbens bestyrelse:<br \/>\n5. Klubben ledes af en bestyrelse p\u00e5 fem medlemmer, som v\u00e6lges af&nbsp;generalforsamlingen. Generalforsamlingen v\u00e6lger tillige en&nbsp;bestyrelsessuppleant. Alle valg g\u00e6lder for 2 \u00e5r. Genvalg kan finde sted.<\/p>\n<p>6. Bestyrelsen konstituerer i \u00f8vrigt sig selv med formand, n\u00e6stformand, der i formandens frav\u00e6r tr\u00e6der i dennes sted, kasserer og sekret\u00e6r. Tre bestyrelsesmedlemmer v\u00e6lges p\u00e5 lige \u00e5r, og to andre bestyrelsesmedlemmer v\u00e6lges p\u00e5 ulige \u00e5r. Bestyrelsesbeslutninger vedtages ved simpelt flertal og i tilf\u00e6lde af stemmelighed er formandens stemme afg\u00f8rende.<br \/>\nKlubben tegnes af formanden og n\u00e6stformanden.<\/p>\n<p>7. Hvis et bestyrelsesmedlem nedl\u00e6gger sit hverv inden valgperiodens udl\u00f8b, indtr\u00e6der suppleanten i bestyrelsen indtil den f\u00f8rstkommende ordin\u00e6re generalforsamling.<\/p>\n<p>8. Bestyrelsen kan fasts\u00e6tte sin egen forretningsorden, som skal v\u00e6re tilg\u00e6ngelig for medlemmerne<\/p>\n<p>Regnskab og revision:<br \/>\n9. Klubbens regnskabs\u00e5r er kalender\u00e5ret.<\/p>\n<p>10. Kontingentet fasts\u00e6ttes af generalforsamlingen for et \u00e5r ad gangen. Medlemmer op til det 25 \u00e5r betaler reduceret kontingent.<\/p>\n<p>11. Kontingentet betales periodisk forud. Betalt kontingent refunderes ikke ved&nbsp;udmeldelse af klubben.<\/p>\n<p>12. L\u00e5n kan ikke optages uden generalforsamlingens godkendelse.<\/p>\n<p>13. Til kritisk at overv\u00e5ge regnskabets f\u00f8relse v\u00e6lger generalforsamlingen blandt&nbsp;medlemmerne en revisor og en revisorsuppleant, begge for et \u00e5r ad gangen.<br \/>\nHverken revisor eller revisorsuppleant m\u00e5 v\u00e6re medlem af klubbens&nbsp;bestyrelse eller suppleant til denne.<\/p>\n<p>14. Kassereren udarbejder ved regnskabs\u00e5rets afslutning et \u00e5rsregnskab, der&nbsp;revideres af klubbens revisor. Hvis kassereren nedl\u00e6gger sit hverv inden<br \/>\nregnskabs\u00e5rets udl\u00f8b, udarbejdes et regnskab for den forl\u00f8bne periode. Dette&nbsp;revideres af klubbens revisor.<\/p>\n<p>15. Det (de) reviderede regnskab(er) forel\u00e6gges generalforsamlingen til&nbsp;godkendelse. Regnskabet udsendes til samtlige medlemmer senest en uge f\u00f8r<br \/>\ngeneralforsamlingens afholdelse.<\/p>\n<p>16. For de aftaler, som klubben indg\u00e5r, h\u00e6fter kun klubben selv. Medlemmerne&nbsp;h\u00e6fter ikke for klubbens forpligtelser.<\/p>\n<p>Generalforsamlingen:<br \/>\n17. Generalforsamlingen er Varde Fotoklub\u2019s h\u00f8jeste myndighed. Alle&nbsp;fremm\u00f8dte medlemmer, som ikke er i kontingentrestance, er&nbsp;stemmeberettigede p\u00e5 generalforsamlingen og er valgbare til bestyrelsen, som&nbsp;revisor eller som suppleanter. Valg in absentia kan finde sted ved forudg\u00e5ende&nbsp;skriftligt samtykke fra den p\u00e5g\u00e6ldende.<\/p>\n<p>18. Ordin\u00e6r generalforsamling afholdes hvert \u00e5r inden udgangen af 1. kvartal og skal varsles&nbsp;senest 30 dage f\u00f8r afholdelse ved meddelelse p\u00e5 klubbens hjemmeside eller ved anden&nbsp;skriftlig meddelelse \u2013 herunder e-mail &#8211; til samtlige medlemmer med angivelse af dagsorden.<\/p>\n<p>19. Dagsordenen for ordin\u00e6r generalforsamling skal indeholde mindst f\u00f8lgende<br \/>\npunkter:<\/p>\n<p>1. Valg af dirigent<br \/>\n2. Bestyrelsens beretning<br \/>\n3. Forel\u00e6ggelse af revideret regnskab samt budget til godkendelse<br \/>\n4. Fasts\u00e6ttelse af n\u00e6ste \u00e5rs kontingent<br \/>\n5. Behandling af indkomne forslag fra medlemmer og forslag fra&nbsp;bestyrelsen<br \/>\n6. Valg af bestyrelsesmedlemmer og suppleant<br \/>\n7. Valg af revisor og revisorsuppleant<br \/>\n8. Eventuelt<\/p>\n<p>20. Forslag, der \u00f8nskes behandlet p\u00e5 den ordin\u00e6re generalforsamling, skal v\u00e6re&nbsp;bestyrelsen i h\u00e6nde senest to uger f\u00f8r generalforsamlingen. Indkomne forslag<br \/>\nsamt forslag fra bestyrelsen udsendes til medlemmerne senest sammen med&nbsp;regnskabet.<\/p>\n<p>21. Ekstraordin\u00e6r generalforsamling kan afholdes p\u00e5 bestyrelsens foranledning.<br \/>\nEkstraordin\u00e6r generalforsamling skal endvidere afholdes, n\u00e5r mindst&nbsp;halvdelen af klubbens medlemmer skriftligt frems\u00e6tter anmodning herom til<br \/>\nbestyrelsen. Generalforsamlingen skal afholdes senest 1 m\u00e5ned derefter.<\/p>\n<p>22. Ekstraordin\u00e6r generalforsamling skal indkaldes med mindst en uges varsel&nbsp;ved skriftlig meddelelse til samtlige medlemmer med angivelse af dagsorden.<\/p>\n<p>23. Beslutninger p\u00e5 generalforsamlingen vedtages med almindeligt flertal ved&nbsp;h\u00e5ndsopr\u00e6kning, medmindre andet er angivet andetsteds i vedt\u00e6gterne.<br \/>\nSkriftlig afstemning skal afholdes, hvis \u00e9t medlem \u00f8nsker dette.<\/p>\n<p>24. Enhver lovligt varslet generalforsamling er beslutningsdygtig uanset antallet af&nbsp;fremm\u00f8dte.<\/p>\n<p>Diverse bestemmelser:<br \/>\n25. Forslag om vedt\u00e6gts\u00e6ndringer kan kun vedtages, n\u00e5r mindst 2\/3 af de&nbsp;fremm\u00f8dte stemmeberettigede stemmer herfor.<\/p>\n<p>26. Undlader et medlem at betale det fastsatte kontingent, udsender bestyrelsen&nbsp;efter passende tid en p\u00e5mindelse. Betales kontingentet stadig ikke efter 30 dage,<br \/>\nbetragtes det p\u00e5g\u00e6ldende medlem som ekskluderet af klubben.<\/p>\n<p>27. Klubbens bestyrelse kan indstille et medlem til eksklusion, hvis den&nbsp;p\u00e5g\u00e6ldende groft skader klubbens interesser. Indstillinger om eksklusion<br \/>\nforel\u00e6gges klubbens generalforsamling og kan kun vedtages med tilslutning&nbsp;fra mindst 2\/3 af de fremm\u00f8dte stemmeberettigede.<\/p>\n<p>Opl\u00f8sning af klubben:<br \/>\n28. Beslutning om opl\u00f8sning af klubben kan kun vedtages p\u00e5 en&nbsp;generalforsamling, n\u00e5r mindst 3\/4 af samtlige medlemmer stemmer herfor.<br \/>\nS\u00e5fremt der ikke m\u00f8der \u00be af medlemmerne op afholdes der ny generalforsamling med det ene form\u00e5l at nedl\u00e6gge klubben &#8211; h\u00e9r afg\u00f8res det ved simpelt flertal.<\/p>\n<p>29. Ved opl\u00f8sning af klubben overdrages eventuelle aktiver til kulturelt form\u00e5l i&nbsp;Varde Kommune<\/p>\n<p>Disse vedt\u00e6gter er vedtaget p\u00e5 Varde Fotoklub\u2019s ekstraordin\u00e6re generalforsamling<br \/>\nden 24. feb 2016<\/p>\n<p>Bestyrelsen for Varde Fotoklub<\/p>\n","protected":false},"excerpt":{"rendered":"<p>Klubben er stiftet p\u00e5 en generalforsamling den 20\/4 2010. Vedt\u00e6gter Generelt: 1. Klubbens navn er Varde Fotoklub 2. Klubbens form\u00e5l er at udvikle medlemmernes evner og interesse for fotografi. Klubben s\u00f8ger ved afholdelse af m\u00f8der, foredrag, konkurrencer og lign. samt&nbsp;ved deltagelse i nationale og internationale konkurrence- og&nbsp; udstillingsarrangementer at udvikle medlemmernes fotografiske f\u00e6rdigheder. S\u00e5vel teknisk [&hellip;]<\/p>\n","protected":false},"author":1,"featured_media":0,"parent":0,"menu_order":0,"comment_status":"closed","ping_status":"open","template":"","meta":[],"_links":{"self":[{"href":"http:\/\/vardefotoklub.dk\/index.php?rest_route=\/wp\/v2\/pages\/253"}],"collection":[{"href":"http:\/\/vardefotoklub.dk\/index.php?rest_route=\/wp\/v2\/pages"}],"about":[{"href":"http:\/\/vardefotoklub.dk\/index.php?rest_route=\/wp\/v2\/types\/page"}],"author":[{"embeddable":true,"href":"http:\/\/vardefotoklub.dk\/index.php?rest_route=\/wp\/v2\/users\/1"}],"replies":[{"embeddable":true,"href":"http:\/\/vardefotoklub.dk\/index.php?rest_route=%2Fwp%2Fv2%2Fcomments&post=253"}],"version-history":[{"count":8,"href":"http:\/\/vardefotoklub.dk\/index.php?rest_route=\/wp\/v2\/pages\/253\/revisions"}],"predecessor-version":[{"id":2118,"href":"http:\/\/vardefotoklub.dk\/index.php?rest_route=\/wp\/v2\/pages\/253\/revisions\/2118"}],"wp:attachment":[{"href":"http:\/\/vardefotoklub.dk\/index.php?rest_route=%2Fwp%2Fv2%2Fmedia&parent=253"}],"curies":[{"name":"wp","href":"https:\/\/api.w.org\/{rel}","templated":true}]}}